{"id":731,"date":"2018-03-03T02:24:02","date_gmt":"2018-03-03T05:24:02","guid":{"rendered":"https:\/\/savalfg.cl\/2017\/?page_id=731"},"modified":"2022-12-29T09:27:29","modified_gmt":"2022-12-29T12:27:29","slug":"leyes","status":"publish","type":"page","link":"https:\/\/savalfg.cl\/2017\/documentos\/leyes\/","title":{"rendered":"Leyes"},"content":{"rendered":"\t\t<div data-elementor-type=\"wp-page\" data-elementor-id=\"731\" class=\"elementor elementor-731\">\n\t\t\t\t\t\t\t\t\t<section class=\"elementor-section elementor-top-section elementor-element elementor-element-284fa86 elementor-section-boxed elementor-section-height-default elementor-section-height-default\" data-id=\"284fa86\" data-element_type=\"section\">\n\t\t\t\t\t\t<div class=\"elementor-container elementor-column-gap-default\">\n\t\t\t\t\t<div class=\"elementor-column elementor-col-50 elementor-top-column elementor-element elementor-element-929ab49\" data-id=\"929ab49\" data-element_type=\"column\">\n\t\t\t<div class=\"elementor-widget-wrap elementor-element-populated\">\n\t\t\t\t\t\t\t\t<div class=\"elementor-element elementor-element-58bcb8a animated-slow elementor-invisible elementor-widget elementor-widget-text-editor\" data-id=\"58bcb8a\" data-element_type=\"widget\" data-settings=\"{&quot;_animation&quot;:&quot;fadeIn&quot;}\" data-widget_type=\"text-editor.default\">\n\t\t\t\t<div class=\"elementor-widget-container\">\n\t\t\t<style>\/*! elementor - v3.9.1 - 14-12-2022 *\/\n.elementor-widget-text-editor.elementor-drop-cap-view-stacked .elementor-drop-cap{background-color:#818a91;color:#fff}.elementor-widget-text-editor.elementor-drop-cap-view-framed .elementor-drop-cap{color:#818a91;border:3px solid;background-color:transparent}.elementor-widget-text-editor:not(.elementor-drop-cap-view-default) .elementor-drop-cap{margin-top:8px}.elementor-widget-text-editor:not(.elementor-drop-cap-view-default) .elementor-drop-cap-letter{width:1em;height:1em}.elementor-widget-text-editor .elementor-drop-cap{float:left;text-align:center;line-height:1;font-size:50px}.elementor-widget-text-editor .elementor-drop-cap-letter{display:inline-block}<\/style>\t\t\t\t<p><span style=\"font-size: large;\"><a href=\"https:\/\/www.dropbox.com\/s\/n299izd67pquvzg\/LEY%20DE%20SUBCONTRATACION.pdf?dl=0\">LEY DE SUBCONTRATACI\u00d3N<\/a><\/span><\/p><p><span style=\"font-size: large;\"><a href=\"https:\/\/www.dropbox.com\/s\/s7ckuil1xcezzvx\/LEY-20001_PESO%20MAXIMO%20%20CARGA%20HUMANA.pdf?dl=0\">LEY PESO M\u00c1XIMO CARGA HUMANA<\/a><\/span><\/p><p><span style=\"font-size: large;\"><a href=\"https:\/\/www.dropbox.com\/s\/glh938xs5n73s2n\/CONSULTA%20SOBRE%20TRABAJADORES%20AGRICOLAS.pdf?dl=0\">CONSULTA SOBRE TRABAJADORES AGR\u00cdCOLAS <\/a><\/span><\/p><p><span style=\"font-size: large;\"><a href=\"https:\/\/www.dropbox.com\/s\/wjh0v8ulb5hbueu\/FACULTADES%20DEL%20FISCALIZADOR%20Y%20DERECHOS%20DEL%20FISCALIZADO.pdf?dl=0\">FACULTADES DEL FISCALIZADOR Y DERECHOS DEL FISCALIZADO <\/a><\/span><\/p><p><span style=\"font-size: large;\"><a href=\"https:\/\/www.dropbox.com\/s\/oogkt3p1ov8mq5o\/ESTABLECE%20PLAZOS%20DE%20CORRECCION%20OBSERVACIONES%20FISCALIZACION.pdf?dl=0\">ESTABLECE PLAZOS DE CORRECCI\u00d3N OBSERVACIONES FISCALIZACI\u00d3N <\/a><\/span><\/p>\t\t\t\t\t\t<\/div>\n\t\t\t\t<\/div>\n\t\t\t\t\t<\/div>\n\t\t<\/div>\n\t\t\t\t<div class=\"elementor-column elementor-col-50 elementor-top-column elementor-element elementor-element-8567872\" data-id=\"8567872\" data-element_type=\"column\">\n\t\t\t<div class=\"elementor-widget-wrap elementor-element-populated\">\n\t\t\t\t\t\t\t\t<div class=\"elementor-element elementor-element-c6b7fa4 animated-slow elementor-invisible elementor-widget elementor-widget-text-editor\" data-id=\"c6b7fa4\" data-element_type=\"widget\" data-settings=\"{&quot;_animation&quot;:&quot;fadeIn&quot;,&quot;_animation_delay&quot;:1500}\" data-widget_type=\"text-editor.default\">\n\t\t\t\t<div class=\"elementor-widget-container\">\n\t\t\t\t\t\t\t<p><span style=\"font-size: large;\"><a href=\"https:\/\/www.dropbox.com\/s\/hb2a25yyavmvc00\/INSTRUCCIONES%20FRENTE%20A%20ACCIDENTES%20DEL%20TRABAJO.pdf?dl=0\">INSTRUCCIONES FRENTE A ACCIDENTES DEL TRABAJO <\/a><\/span><\/p><p><span style=\"font-size: large;\"><a href=\"https:\/\/www.dropbox.com\/s\/g2o2fl1ae6vdxrz\/PROGRAMA%20BUENAS%20PRACTICAS%20LABORALES%20BPL.pdf?dl=0\">PROGRAMA BUENAS PRACTICAS LABORALES <\/a><\/span><\/p><p><span style=\"font-size: large;\"><a href=\"https:\/\/www.dropbox.com\/s\/7gpyftwukg6etcp\/PROTOCOLO%20TOMA%20MUESTRA%20SUELO.pdf?dl=0\">PROTOCOLO TOMA DE MUESTRAS DEL SUELO <\/a><\/span><\/p><p><span style=\"font-size: large;\"><a href=\"https:\/\/www.dropbox.com\/s\/3i2tr6mj6wlx69b\/PROTOCOLO_DE_EXPOSICION_OCUPACIONAL_RUIDO-v2013.pdf?dl=0\">PROTOCOLO DE EXPOSICI\u00d3N OCUPACIONAL RUIDO <\/a><\/span><\/p><p><span style=\"font-size: large;\"><a href=\"https:\/\/www.dropbox.com\/s\/zj9sy5rrzagd2gb\/SITUACIONES%20DE%20RIESGO.pdf?dl=0\">SITUACI\u00d3N DE RIESGO <\/a><\/span><\/p><p><span style=\"font-size: large;\"><a href=\"https:\/\/www.dropbox.com\/s\/ofkwuclz288vo7e\/REQUISITOS%20CURSO%20USO%20PLAGUICIDAS.pdf?dl=0\">REQUISITO CURSO USO DE PLAGUICIDAS<\/a><\/span><\/p>\t\t\t\t\t\t<\/div>\n\t\t\t\t<\/div>\n\t\t\t\t\t<\/div>\n\t\t<\/div>\n\t\t\t\t\t\t\t<\/div>\n\t\t<\/section>\n\t\t\t\t\t\t\t<\/div>\n\t\t\n<div class=\"twitter-share\"><a href=\"https:\/\/twitter.com\/intent\/tweet?via=savalfg\" class=\"twitter-share-button\" data-size=\"large\">Twittear<\/a><\/div>\n","protected":false},"excerpt":{"rendered":"<p>LEY DE SUBCONTRATACI\u00d3N LEY PESO M\u00c1XIMO CARGA HUMANA CONSULTA SOBRE TRABAJADORES AGR\u00cdCOLAS FACULTADES DEL FISCALIZADOR Y DERECHOS DEL FISCALIZADO ESTABLECE PLAZOS DE CORRECCI\u00d3N OBSERVACIONES FISCALIZACI\u00d3N INSTRUCCIONES FRENTE A ACCIDENTES DEL TRABAJO PROGRAMA BUENAS PRACTICAS LABORALES PROTOCOLO TOMA DE MUESTRAS DEL SUELO PROTOCOLO DE EXPOSICI\u00d3N OCUPACIONAL RUIDO SITUACI\u00d3N DE RIESGO REQUISITO CURSO USO DE PLAGUICIDAS<\/p>\n","protected":false},"author":7,"featured_media":0,"parent":281,"menu_order":1,"comment_status":"closed","ping_status":"closed","template":"elementor_header_footer","meta":{"disable_featured_image":false},"post_mailing_queue_ids":[],"_links":{"self":[{"href":"https:\/\/savalfg.cl\/2017\/wp-json\/wp\/v2\/pages\/731"}],"collection":[{"href":"https:\/\/savalfg.cl\/2017\/wp-json\/wp\/v2\/pages"}],"about":[{"href":"https:\/\/savalfg.cl\/2017\/wp-json\/wp\/v2\/types\/page"}],"author":[{"embeddable":true,"href":"https:\/\/savalfg.cl\/2017\/wp-json\/wp\/v2\/users\/7"}],"replies":[{"embeddable":true,"href":"https:\/\/savalfg.cl\/2017\/wp-json\/wp\/v2\/comments?post=731"}],"version-history":[{"count":14,"href":"https:\/\/savalfg.cl\/2017\/wp-json\/wp\/v2\/pages\/731\/revisions"}],"predecessor-version":[{"id":5415,"href":"https:\/\/savalfg.cl\/2017\/wp-json\/wp\/v2\/pages\/731\/revisions\/5415"}],"up":[{"embeddable":true,"href":"https:\/\/savalfg.cl\/2017\/wp-json\/wp\/v2\/pages\/281"}],"wp:attachment":[{"href":"https:\/\/savalfg.cl\/2017\/wp-json\/wp\/v2\/media?parent=731"}],"curies":[{"name":"wp","href":"https:\/\/api.w.org\/{rel}","templated":true}]}}