{"id":4421,"date":"2022-02-23T21:46:46","date_gmt":"2022-02-24T00:46:46","guid":{"rendered":"https:\/\/savalfg.cl\/?page_id=4421"},"modified":"2025-05-28T09:37:14","modified_gmt":"2025-05-28T13:37:14","slug":"home","status":"publish","type":"page","link":"https:\/\/savalfg.cl\/2017\/","title":{"rendered":"Home"},"content":{"rendered":"\t\t<div data-elementor-type=\"wp-page\" data-elementor-id=\"4421\" class=\"elementor elementor-4421\">\n\t\t\t\t\t\t\t\t\t<section class=\"elementor-section elementor-top-section elementor-element elementor-element-fa29822 elementor-section-boxed elementor-section-height-default elementor-section-height-default elementor-invisible\" data-id=\"fa29822\" data-element_type=\"section\" data-settings=\"{&quot;animation&quot;:&quot;slideInRight&quot;,&quot;animation_delay&quot;:2000}\">\n\t\t\t\t\t\t<div class=\"elementor-container elementor-column-gap-default\">\n\t\t\t\t\t<div class=\"elementor-column elementor-col-100 elementor-top-column elementor-element elementor-element-5005cdc\" data-id=\"5005cdc\" data-element_type=\"column\">\n\t\t\t<div class=\"elementor-widget-wrap elementor-element-populated\">\n\t\t\t\t\t\t\t\t<div class=\"elementor-element elementor-element-65e4f94 elementor-widget elementor-widget-heading\" data-id=\"65e4f94\" data-element_type=\"widget\" data-widget_type=\"heading.default\">\n\t\t\t\t<div class=\"elementor-widget-container\">\n\t\t\t<style>\/*! elementor - v3.9.1 - 14-12-2022 *\/\n.elementor-heading-title{padding:0;margin:0;line-height:1}.elementor-widget-heading .elementor-heading-title[class*=elementor-size-]>a{color:inherit;font-size:inherit;line-height:inherit}.elementor-widget-heading .elementor-heading-title.elementor-size-small{font-size:15px}.elementor-widget-heading .elementor-heading-title.elementor-size-medium{font-size:19px}.elementor-widget-heading .elementor-heading-title.elementor-size-large{font-size:29px}.elementor-widget-heading .elementor-heading-title.elementor-size-xl{font-size:39px}.elementor-widget-heading .elementor-heading-title.elementor-size-xxl{font-size:59px}<\/style><h2 class=\"elementor-heading-title elementor-size-default\">Tendencias<\/h2>\t\t<\/div>\n\t\t\t\t<\/div>\n\t\t\t\t<div class=\"elementor-element elementor-element-ba35f1f elementor-widget elementor-widget-shortcode\" data-id=\"ba35f1f\" data-element_type=\"widget\" data-widget_type=\"shortcode.default\">\n\t\t\t\t<div class=\"elementor-widget-container\">\n\t\t\t\t\t<div class=\"elementor-shortcode\">\r\n\t<div class=\"psac-post-carousel-wrp psac-slider-and-carousel psac-clearfix\">\r\n\t\t<div class=\"psac-post-carousel owl-carousel psac-design-1\" id=\"psac-carousel-1\" data-conf=\"{&quot;slide_show&quot;:3,&quot;slide_scroll&quot;:1,&quot;dots&quot;:false,&quot;arrows&quot;:true,&quot;autoplay&quot;:true,&quot;autoplay_interval&quot;:4000,&quot;speed&quot;:600,&quot;loop&quot;:true}\">\r\n\t\t\t<div class=\"psac-post-carousel-slide\">\r\n\t<div class=\"psac-post-image-bg\" style=\"\">\r\n\t<a href=\"https:\/\/savalfg.cl\/2017\/castanos-y-avellanos-nos-acompanan\/\" class=\"psac-link-overlay\"><\/a>\r\n\t\t<div class=\"psac-post-carousel-content\">\r\n\t\t\r\n\t\t\t<h2 class=\"psac-post-title\">\r\n\t\t\t\t<a href=\"https:\/\/savalfg.cl\/2017\/castanos-y-avellanos-nos-acompanan\/\"><strong>Casta\u00f1os y avellanos nos acompa\u00f1an<\/strong><\/a>\r\n\t\t\t<\/h2>\r\n\r\n\t\t\t\t\t\t\t<div class=\"psac-post-meta\">\r\n\t\t\t\t\t\t\t\t\t\t\t\t\t\t\t\t<span class=\"psac-post-meta-innr psac-time\"> Marzo 23, 2026 <\/span>\r\n\t\t\t\t\t\t\t\t\t<\/div>\r\n\t\t\t\t\t<\/div>\r\n\t<\/div>\r\n\t\t\t<div class=\"psac-post-content\">\r\n\t\t\t<div class=\"psac-post-short-content\">Director SAVAL F.G. Helmut Huber G. \u00bfQui\u00e9n habr\u00eda pensado que, tras m\u00e1s de 180 a\u00f1os en que nuestra zona se...<\/div>\r\n\t\t\t\t\t\t\t<a href=\"https:\/\/savalfg.cl\/2017\/castanos-y-avellanos-nos-acompanan\/\" class=\"psac-readmorebtn\">Read More<\/a>\r\n\t\t\t\t\t<\/div>\r\n\t<\/div><div class=\"psac-post-carousel-slide\">\r\n\t<div class=\"psac-post-image-bg\" style=\"\">\r\n\t<a href=\"https:\/\/savalfg.cl\/2017\/multas-automaticas-por-no-uso-de-agua\/\" class=\"psac-link-overlay\"><\/a>\r\n\t\t<div class=\"psac-post-carousel-content\">\r\n\t\t\r\n\t\t\t<h2 class=\"psac-post-title\">\r\n\t\t\t\t<a href=\"https:\/\/savalfg.cl\/2017\/multas-automaticas-por-no-uso-de-agua\/\">Multas autom\u00e1ticas por no uso de agua<\/a>\r\n\t\t\t<\/h2>\r\n\r\n\t\t\t\t\t\t\t<div class=\"psac-post-meta\">\r\n\t\t\t\t\t\t\t\t\t\t\t\t\t\t\t\t<span class=\"psac-post-meta-innr psac-time\"> Marzo 9, 2026 <\/span>\r\n\t\t\t\t\t\t\t\t\t<\/div>\r\n\t\t\t\t\t<\/div>\r\n\t<\/div>\r\n\t\t\t<div class=\"psac-post-content\">\r\n\t\t\t<div class=\"psac-post-short-content\">Director SAVAL FG Antonio Kusanovic O. Chile necesita una gesti\u00f3n h\u00eddrica responsable. La sequ\u00eda prolongada y el cambio clim\u00e1tico exigen...<\/div>\r\n\t\t\t\t\t\t\t<a href=\"https:\/\/savalfg.cl\/2017\/multas-automaticas-por-no-uso-de-agua\/\" class=\"psac-readmorebtn\">Read More<\/a>\r\n\t\t\t\t\t<\/div>\r\n\t<\/div><div class=\"psac-post-carousel-slide\">\r\n\t<div class=\"psac-post-image-bg\" style=\"\">\r\n\t<a href=\"https:\/\/savalfg.cl\/2017\/competir-en-un-mundo-intervenido\/\" class=\"psac-link-overlay\"><\/a>\r\n\t\t<div class=\"psac-post-carousel-content\">\r\n\t\t\r\n\t\t\t<h2 class=\"psac-post-title\">\r\n\t\t\t\t<a href=\"https:\/\/savalfg.cl\/2017\/competir-en-un-mundo-intervenido\/\"><strong>Competir en un mundo intervenido<\/strong><\/a>\r\n\t\t\t<\/h2>\r\n\r\n\t\t\t\t\t\t\t<div class=\"psac-post-meta\">\r\n\t\t\t\t\t\t\t\t\t\t\t\t\t\t\t\t<span class=\"psac-post-meta-innr psac-time\"> Marzo 5, 2026 <\/span>\r\n\t\t\t\t\t\t\t\t\t<\/div>\r\n\t\t\t\t\t<\/div>\r\n\t<\/div>\r\n\t\t\t<div class=\"psac-post-content\">\r\n\t\t\t<div class=\"psac-post-short-content\">Ignacio K\u00dcllmer W. Director SAVAL FG Competir en agricultura hoy no es solo producir m\u00e1s: es navegar un mundo donde...<\/div>\r\n\t\t\t\t\t\t\t<a href=\"https:\/\/savalfg.cl\/2017\/competir-en-un-mundo-intervenido\/\" class=\"psac-readmorebtn\">Read More<\/a>\r\n\t\t\t\t\t<\/div>\r\n\t<\/div><div class=\"psac-post-carousel-slide\">\r\n\t<div class=\"psac-post-image-bg\" style=\"\">\r\n\t<a href=\"https:\/\/savalfg.cl\/2017\/innovar-con-memoria\/\" class=\"psac-link-overlay\"><\/a>\r\n\t\t<div class=\"psac-post-carousel-content\">\r\n\t\t\r\n\t\t\t<h2 class=\"psac-post-title\">\r\n\t\t\t\t<a href=\"https:\/\/savalfg.cl\/2017\/innovar-con-memoria\/\">Innovar con memoria<\/a>\r\n\t\t\t<\/h2>\r\n\r\n\t\t\t\t\t\t\t<div class=\"psac-post-meta\">\r\n\t\t\t\t\t\t\t\t\t\t\t\t\t\t\t\t<span class=\"psac-post-meta-innr psac-time\"> Marzo 5, 2026 <\/span>\r\n\t\t\t\t\t\t\t\t\t<\/div>\r\n\t\t\t\t\t<\/div>\r\n\t<\/div>\r\n\t\t\t<div class=\"psac-post-content\">\r\n\t\t\t<div class=\"psac-post-short-content\">Raimundo K\u00fcllmer G. Director SAVAL FG El entorno empresarial actual se mueve a una velocidad que hace apenas una d\u00e9cada...<\/div>\r\n\t\t\t\t\t\t\t<a href=\"https:\/\/savalfg.cl\/2017\/innovar-con-memoria\/\" class=\"psac-readmorebtn\">Read More<\/a>\r\n\t\t\t\t\t<\/div>\r\n\t<\/div><div class=\"psac-post-carousel-slide\">\r\n\t<div class=\"psac-post-image-bg\" style=\"\">\r\n\t<a href=\"https:\/\/savalfg.cl\/2017\/importancia-de-la-conectividad\/\" class=\"psac-link-overlay\"><\/a>\r\n\t\t<div class=\"psac-post-carousel-content\">\r\n\t\t\r\n\t\t\t<h2 class=\"psac-post-title\">\r\n\t\t\t\t<a href=\"https:\/\/savalfg.cl\/2017\/importancia-de-la-conectividad\/\">Importancia de la conectividad<\/a>\r\n\t\t\t<\/h2>\r\n\r\n\t\t\t\t\t\t\t<div class=\"psac-post-meta\">\r\n\t\t\t\t\t\t\t\t\t\t\t\t\t\t\t\t<span class=\"psac-post-meta-innr psac-time\"> Marzo 5, 2026 <\/span>\r\n\t\t\t\t\t\t\t\t\t<\/div>\r\n\t\t\t\t\t<\/div>\r\n\t<\/div>\r\n\t\t\t<div class=\"psac-post-content\">\r\n\t\t\t<div class=\"psac-post-short-content\">Alberto Fehlandt S. Director SAVAL FG La conectividad constituye un elemento esencial para el desarrollo de las regiones y no...<\/div>\r\n\t\t\t\t\t\t\t<a href=\"https:\/\/savalfg.cl\/2017\/importancia-de-la-conectividad\/\" class=\"psac-readmorebtn\">Read More<\/a>\r\n\t\t\t\t\t<\/div>\r\n\t<\/div><div class=\"psac-post-carousel-slide\">\r\n\t<div class=\"psac-post-image-bg\" style=\"\">\r\n\t<a href=\"https:\/\/savalfg.cl\/2017\/un-gremio-al-servicio-de-todo-el-mundo-rural\/\" class=\"psac-link-overlay\"><\/a>\r\n\t\t<div class=\"psac-post-carousel-content\">\r\n\t\t\r\n\t\t\t<h2 class=\"psac-post-title\">\r\n\t\t\t\t<a href=\"https:\/\/savalfg.cl\/2017\/un-gremio-al-servicio-de-todo-el-mundo-rural\/\">Un gremio al servicio del mundo rural<\/a>\r\n\t\t\t<\/h2>\r\n\r\n\t\t\t\t\t\t\t<div class=\"psac-post-meta\">\r\n\t\t\t\t\t\t\t\t\t\t\t\t\t\t\t\t<span class=\"psac-post-meta-innr psac-time\"> Febrero 20, 2026 <\/span>\r\n\t\t\t\t\t\t\t\t\t<\/div>\r\n\t\t\t\t\t<\/div>\r\n\t<\/div>\r\n\t\t\t<div class=\"psac-post-content\">\r\n\t\t\t<div class=\"psac-post-short-content\">Presidente SAVAL FG M\u00f3nica Oettinger W. Los hitos recientes de SAVAL FG reflejan un trabajo gremial que va m\u00e1s all\u00e1...<\/div>\r\n\t\t\t\t\t\t\t<a href=\"https:\/\/savalfg.cl\/2017\/un-gremio-al-servicio-de-todo-el-mundo-rural\/\" class=\"psac-readmorebtn\">Read More<\/a>\r\n\t\t\t\t\t<\/div>\r\n\t<\/div>\t\t<\/div>\r\n\t<\/div>\r\n\r\n\t<\/div>\n\t\t\t\t<\/div>\n\t\t\t\t<\/div>\n\t\t\t\t\t<\/div>\n\t\t<\/div>\n\t\t\t\t\t\t\t<\/div>\n\t\t<\/section>\n\t\t\t\t<section class=\"elementor-section elementor-top-section elementor-element elementor-element-1dfb254 elementor-section-boxed elementor-section-height-default elementor-section-height-default\" data-id=\"1dfb254\" data-element_type=\"section\">\n\t\t\t\t\t\t<div class=\"elementor-container elementor-column-gap-default\">\n\t\t\t\t\t<div class=\"elementor-column elementor-col-100 elementor-top-column elementor-element elementor-element-0e3bcbc\" data-id=\"0e3bcbc\" data-element_type=\"column\">\n\t\t\t<div class=\"elementor-widget-wrap elementor-element-populated\">\n\t\t\t\t\t\t\t\t<div class=\"elementor-element elementor-element-a596e6f elementor-widget elementor-widget-image-carousel\" data-id=\"a596e6f\" data-element_type=\"widget\" data-settings=\"{&quot;slides_to_show&quot;:&quot;5&quot;,&quot;slides_to_scroll&quot;:&quot;1&quot;,&quot;navigation&quot;:&quot;none&quot;,&quot;lazyload&quot;:&quot;yes&quot;,&quot;pause_on_hover&quot;:&quot;no&quot;,&quot;pause_on_interaction&quot;:&quot;no&quot;,&quot;autoplay_speed&quot;:1000,&quot;speed&quot;:7000,&quot;autoplay&quot;:&quot;yes&quot;,&quot;infinite&quot;:&quot;yes&quot;,&quot;image_spacing_custom&quot;:{&quot;unit&quot;:&quot;px&quot;,&quot;size&quot;:20,&quot;sizes&quot;:[]}}\" data-widget_type=\"image-carousel.default\">\n\t\t\t\t<div class=\"elementor-widget-container\">\n\t\t\t<style>\/*! elementor - v3.9.1 - 14-12-2022 *\/\n.elementor-widget-image-carousel .swiper-container{position:static}.elementor-widget-image-carousel .swiper-container .swiper-slide figure{line-height:inherit}.elementor-widget-image-carousel .swiper-slide{text-align:center}.elementor-image-carousel-wrapper:not(.swiper-container-initialized) .swiper-slide{max-width:calc(100% \/ var(--e-image-carousel-slides-to-show, 3))}<\/style>\t\t<div class=\"elementor-image-carousel-wrapper swiper-container\" dir=\"ltr\">\n\t\t\t<div class=\"elementor-image-carousel swiper-wrapper\">\n\t\t\t\t\t\t\t\t<div class=\"swiper-slide\"><figure class=\"swiper-slide-inner\"><img class=\"swiper-slide-image swiper-lazy\" data-src=\"https:\/\/savalfg.cl\/2017\/wp-content\/uploads\/2022\/12\/logo-fedecarne-color.png\" alt=\"logo-fedecarne-color\" \/><div class=\"swiper-lazy-preloader\"><\/div><\/figure><\/div><div class=\"swiper-slide\"><figure class=\"swiper-slide-inner\"><img class=\"swiper-slide-image swiper-lazy\" data-src=\"https:\/\/savalfg.cl\/2017\/wp-content\/uploads\/2022\/12\/logo-Corporacion-CMYK-version-120-TRAZADO-1-300x234.png\" alt=\"logo-Corporacion-CMYK-version-120-TRAZADO-1\" \/><div class=\"swiper-lazy-preloader\"><\/div><\/figure><\/div><div class=\"swiper-slide\"><figure class=\"swiper-slide-inner\"><img class=\"swiper-slide-image swiper-lazy\" data-src=\"https:\/\/savalfg.cl\/2017\/wp-content\/uploads\/2022\/12\/Corp-desarrollo-sur-300x300.jpeg\" alt=\"Corp-desarrollo-sur\" \/><div class=\"swiper-lazy-preloader\"><\/div><\/figure><\/div><div class=\"swiper-slide\"><figure class=\"swiper-slide-inner\"><img class=\"swiper-slide-image swiper-lazy\" data-src=\"https:\/\/savalfg.cl\/2017\/wp-content\/uploads\/2022\/12\/logo-sna-300x228.png\" alt=\"logo-sna\" \/><div class=\"swiper-lazy-preloader\"><\/div><\/figure><\/div><div class=\"swiper-slide\"><figure class=\"swiper-slide-inner\"><img class=\"swiper-slide-image swiper-lazy\" data-src=\"https:\/\/savalfg.cl\/2017\/wp-content\/uploads\/2022\/12\/GANAFAC-LOGO-150x150-1.jpg\" alt=\"GANAFAC-LOGO-150x150\" \/><div class=\"swiper-lazy-preloader\"><\/div><\/figure><\/div><div class=\"swiper-slide\"><figure class=\"swiper-slide-inner\"><img class=\"swiper-slide-image swiper-lazy\" data-src=\"https:\/\/savalfg.cl\/2017\/wp-content\/uploads\/2022\/12\/logo-cas.jpg\" alt=\"logo-cas\" \/><div class=\"swiper-lazy-preloader\"><\/div><\/figure><\/div><div class=\"swiper-slide\"><figure class=\"swiper-slide-inner\"><img class=\"swiper-slide-image swiper-lazy\" data-src=\"https:\/\/savalfg.cl\/2017\/wp-content\/uploads\/2022\/12\/Logo-APEB-300x104.png\" alt=\"Logo APEB\" \/><div class=\"swiper-lazy-preloader\"><\/div><\/figure><\/div><div class=\"swiper-slide\"><figure class=\"swiper-slide-inner\"><img class=\"swiper-slide-image swiper-lazy\" data-src=\"https:\/\/savalfg.cl\/2017\/wp-content\/uploads\/2024\/08\/Logo-Fedeleche--300x83.jpeg\" alt=\"Logo Fedeleche\" \/><div class=\"swiper-lazy-preloader\"><\/div><\/figure><\/div><div class=\"swiper-slide\"><figure class=\"swiper-slide-inner\"><img class=\"swiper-slide-image swiper-lazy\" data-src=\"https:\/\/savalfg.cl\/2017\/wp-content\/uploads\/2025\/05\/Logo-APROBOSQUE-300x91.jpg\" alt=\"Logo APROBOSQUE\" \/><div class=\"swiper-lazy-preloader\"><\/div><\/figure><\/div><div class=\"swiper-slide\"><figure class=\"swiper-slide-inner\"><img class=\"swiper-slide-image swiper-lazy\" data-src=\"https:\/\/savalfg.cl\/2017\/wp-content\/uploads\/2025\/05\/Logo-ASOLUP-300x300.png\" alt=\"Logo ASOLUP\" \/><div class=\"swiper-lazy-preloader\"><\/div><\/figure><\/div><div class=\"swiper-slide\"><figure class=\"swiper-slide-inner\"><img class=\"swiper-slide-image swiper-lazy\" data-src=\"https:\/\/savalfg.cl\/2017\/wp-content\/uploads\/2025\/05\/logo-ACHIGANAR-300x84.png\" alt=\"logo ACHIGANAR\" \/><div class=\"swiper-lazy-preloader\"><\/div><\/figure><\/div>\t\t\t<\/div>\n\t\t\t\t\t\t\t\t\t\t\t\t\t\t\t\t<\/div>\n\t\t\t\t<\/div>\n\t\t\t\t<\/div>\n\t\t\t\t\t<\/div>\n\t\t<\/div>\n\t\t\t\t\t\t\t<\/div>\n\t\t<\/section>\n\t\t\t\t\t\t\t<\/div>\n\t\t\n<div class=\"twitter-share\"><a href=\"https:\/\/twitter.com\/intent\/tweet?via=savalfg\" class=\"twitter-share-button\" data-size=\"large\">Twittear<\/a><\/div>\n","protected":false},"excerpt":{"rendered":"<p>Tendencias<\/p>\n","protected":false},"author":7,"featured_media":0,"parent":0,"menu_order":0,"comment_status":"closed","ping_status":"closed","template":"elementor_header_footer","meta":{"disable_featured_image":false},"post_mailing_queue_ids":[],"_links":{"self":[{"href":"https:\/\/savalfg.cl\/2017\/wp-json\/wp\/v2\/pages\/4421"}],"collection":[{"href":"https:\/\/savalfg.cl\/2017\/wp-json\/wp\/v2\/pages"}],"about":[{"href":"https:\/\/savalfg.cl\/2017\/wp-json\/wp\/v2\/types\/page"}],"author":[{"embeddable":true,"href":"https:\/\/savalfg.cl\/2017\/wp-json\/wp\/v2\/users\/7"}],"replies":[{"embeddable":true,"href":"https:\/\/savalfg.cl\/2017\/wp-json\/wp\/v2\/comments?post=4421"}],"version-history":[{"count":98,"href":"https:\/\/savalfg.cl\/2017\/wp-json\/wp\/v2\/pages\/4421\/revisions"}],"predecessor-version":[{"id":5950,"href":"https:\/\/savalfg.cl\/2017\/wp-json\/wp\/v2\/pages\/4421\/revisions\/5950"}],"wp:attachment":[{"href":"https:\/\/savalfg.cl\/2017\/wp-json\/wp\/v2\/media?parent=4421"}],"curies":[{"name":"wp","href":"https:\/\/api.w.org\/{rel}","templated":true}]}}