{"id":374,"date":"2017-07-10T21:10:31","date_gmt":"2017-07-11T01:10:31","guid":{"rendered":"https:\/\/savalfg.cl\/2017\/?page_id=374"},"modified":"2022-12-29T09:27:55","modified_gmt":"2022-12-29T12:27:55","slug":"normativa-vigente-sec","status":"publish","type":"page","link":"https:\/\/savalfg.cl\/2017\/normativa-vigente-sec\/","title":{"rendered":"Normativa Vigente"},"content":{"rendered":"\t\t<div data-elementor-type=\"wp-page\" data-elementor-id=\"374\" class=\"elementor elementor-374\">\n\t\t\t\t\t\t\t\t\t<section class=\"elementor-section elementor-top-section elementor-element elementor-element-24226ce elementor-section-boxed elementor-section-height-default elementor-section-height-default\" data-id=\"24226ce\" data-element_type=\"section\">\n\t\t\t\t\t\t<div class=\"elementor-container elementor-column-gap-default\">\n\t\t\t\t\t<div class=\"elementor-column elementor-col-50 elementor-top-column elementor-element elementor-element-2e9e775\" data-id=\"2e9e775\" data-element_type=\"column\">\n\t\t\t<div class=\"elementor-widget-wrap elementor-element-populated\">\n\t\t\t\t\t\t\t\t<div class=\"elementor-element elementor-element-1b05145 animated-slow elementor-invisible elementor-widget elementor-widget-text-editor\" data-id=\"1b05145\" data-element_type=\"widget\" data-settings=\"{&quot;_animation&quot;:&quot;slideInUp&quot;}\" data-widget_type=\"text-editor.default\">\n\t\t\t\t<div class=\"elementor-widget-container\">\n\t\t\t<style>\/*! elementor - v3.9.1 - 14-12-2022 *\/\n.elementor-widget-text-editor.elementor-drop-cap-view-stacked .elementor-drop-cap{background-color:#818a91;color:#fff}.elementor-widget-text-editor.elementor-drop-cap-view-framed .elementor-drop-cap{color:#818a91;border:3px solid;background-color:transparent}.elementor-widget-text-editor:not(.elementor-drop-cap-view-default) .elementor-drop-cap{margin-top:8px}.elementor-widget-text-editor:not(.elementor-drop-cap-view-default) .elementor-drop-cap-letter{width:1em;height:1em}.elementor-widget-text-editor .elementor-drop-cap{float:left;text-align:center;line-height:1;font-size:50px}.elementor-widget-text-editor .elementor-drop-cap-letter{display:inline-block}<\/style>\t\t\t\t<p><span style=\"font-size: large;\"><a href=\"https:\/\/savalfg.cl\/images\/NORMATIVA_SEC\/DTO-379_Reglamento_Almacenamiento_y_Manipulaci\u00f3n_Combustibles_l%C3%ADquidos379-86-E.pdf\">REGLAMENTO ALMACENAMIENTO Y MANIPULACION COMBUSTIBLES.<\/a><\/span><\/p><p><span style=\"font-size: large;\"><a href=\"https:\/\/savalfg.cl\/images\/NORMATIVA_SEC\/instructivo_carga_de_combustible_a_envases.pdf\">INSTRUCTIVO CARGA DE COMBUSTIBLES A ENVASES.<\/a><\/span><\/p><p><span style=\"font-size: large;\"><a href=\"https:\/\/savalfg.cl\/index.php\/documentos\/6-ds-160-almacencombustibles-liq-sec\/file\">INSTRUCTIVO TRANSPORTE DE COMBUSTIBLES.<\/a><\/span><\/p><p><span style=\"font-size: large;\"><a href=\"https:\/\/savalfg.cl\/images\/NORMATIVA_SEC\/MANUAL_TC4_para_DECLARAR_instalaciones.pdf\">MANUAL TC4 PARA DECLARAR INSTALACIONES.<\/a><\/span><\/p><p><span style=\"font-size: large;\"><a href=\"https:\/\/savalfg.cl\/images\/NORMATIVA_SEC\/Res_Exenta_214_sobre_venta_de_combustibles.pdf\">RES. EXENTA 214 SOBRE VENTA DE COMBUSTIBLES.<\/a><\/span><\/p><p><span style=\"font-size: large;\"><a href=\"https:\/\/savalfg.cl\/images\/NORMATIVA_SEC\/Resoluci%C3%B3n_09421_SEC_del_09-2012.pdf\">RESOLUCION 09421 DEL 09\/2012<\/a><\/span><\/p><p><span style=\"font-size: large;\"><a href=\"https:\/\/savalfg.cl\/images\/NORMATIVA_SEC\/Resoluci%C3%B3n_09429_SEC_de_09-2012.pdf\">RESOLUCION 09429 DEL 09\/2012<\/a><\/span><\/p><p><span style=\"font-size: large;\"><a href=\"https:\/\/savalfg.cl\/index.php\/documentos\/6-ds-160-almacencombustibles-liq-sec\/file\">ALMACENAMIENTO DE COMBUSTIBLES LIQUIDOS<\/a><\/span><\/p><p><span style=\"font-size: large;\"><a href=\"https:\/\/www.dropbox.com\/s\/7lrrcvj9ftc1r5u\/CARTILLA%20CAZADORES.pdf?dl=0\">NORMATIVA PARA LA CAZA EN CHILE<\/a><\/span><\/p><p><span style=\"font-size: large;\"><a href=\"https:\/\/www.dropbox.com\/s\/ayly5elxn17xe0j\/REGLAMENTO%20ACTIVIDADES%20CONSIDERADAS%20PELIGROSAS.pdf?dl=0\">REGLAMENTO ACTIVIDADES CONSIDERADAS PELIGROSAS<\/a><\/span><\/p><p><span style=\"font-size: large;\"><a href=\"https:\/\/www.dropbox.com\/s\/am9l49emhiq4b8f\/REGLAMENTO%20ALMACENAMIENTO%20SUSTANCIAS%20PELIGROSAS%20presentacion.pdf?dl=0\">REGLAMENTO ALMACENAMIENTO SUSTANCIAS PELIGROSAS <\/a><\/span><\/p><p><span style=\"font-size: large;\"><a href=\"https:\/\/www.dropbox.com\/s\/xq5jrlwesqyn4s6\/REGLAMENTO%20COMITE%20PARITARIO%20HIGIENE%20Y%20SEGURIDAD.pdf?dl=0\">REGLAMENTO COMIT\u00c9 PARITARIO HIGIENE Y SEGURIDAD <\/a><\/span><\/p><p><span style=\"font-size: large;\"><a href=\"https:\/\/www.dropbox.com\/s\/p91p56u21sy1lzk\/REGLAMENTO%20CONDICIONES%20SANITARIAS%20EN%20LUGAR%20DE%20TRABAJO.pdf?dl=0\">REGLAMENTO CONDICIONES SANITARIAS EN EL LUGAR DE TRABAJO<\/a><\/span><\/p>\t\t\t\t\t\t<\/div>\n\t\t\t\t<\/div>\n\t\t\t\t\t<\/div>\n\t\t<\/div>\n\t\t\t\t<div class=\"elementor-column elementor-col-50 elementor-top-column elementor-element elementor-element-530ed98\" data-id=\"530ed98\" data-element_type=\"column\">\n\t\t\t<div class=\"elementor-widget-wrap elementor-element-populated\">\n\t\t\t\t\t\t\t\t<div class=\"elementor-element elementor-element-89190b7 animated-slow elementor-invisible elementor-widget elementor-widget-text-editor\" data-id=\"89190b7\" data-element_type=\"widget\" data-settings=\"{&quot;_animation&quot;:&quot;slideInUp&quot;,&quot;_animation_delay&quot;:1500}\" data-widget_type=\"text-editor.default\">\n\t\t\t\t<div class=\"elementor-widget-container\">\n\t\t\t\t\t\t\t<p><span style=\"font-size: large;\"><a href=\"https:\/\/www.dropbox.com\/s\/qtxdv5q9wmwktpq\/REGLAMENTO%20DE%20USO%20PESTICIDAS.pdf?dl=0\">REGLAMENTO DE USO DE PESTICIDAS <\/a><\/span><\/p><p><span style=\"font-size: large;\"><a href=\"https:\/\/www.dropbox.com\/s\/c6ys87wsjyy45c8\/REGLAMENTO%20EXTINTORES.pdf?dl=0\">REGLAMENTO EXTINTORES <\/a><\/span><\/p><p><span style=\"font-size: large;\"><a href=\"https:\/\/www.dropbox.com\/s\/kjrwkpj5tpv7f7h\/REGLAMENTO%20FISCALIZACION%20%20PARA%20MYPE.pdf?dl=0\">REGLAMENTO FISCALIZACI\u00d3N PARA MYPE<\/a><\/span><\/p><p><span style=\"font-size: large;\"><a href=\"https:\/\/www.dropbox.com\/s\/ek6t60dhd3z1fui\/REGLAMENTO%20MODIFICADO%20COMBUSTIBLES.PDF?dl=0\">REGLAMENTO MODIFICADO COMBUSTIBLE <\/a><\/span><\/p><p><span style=\"font-size: large;\"><a href=\"https:\/\/www.dropbox.com\/s\/q58ohxh690070t3\/REGLAMENTO%20PESO%20MAXIMO%20CARGA%20HUMANA.pdf?dl=0\">REGLAMENTO PESO M\u00c1XIMO CARGO <\/a><\/span><\/p><p><span style=\"font-size: large;\"><a href=\"https:\/\/www.dropbox.com\/s\/v9dh4gxq04jmk2d\/REGLAMENTO%20SOBRE%20GESTION%20DE%20SEGURIDAD.pdf?dl=0\">REGLAMENTO SOBRE GESTI\u00d3N DE SEGURIDAD <\/a><\/span><\/p><p><span style=\"font-size: large;\"><a href=\"https:\/\/www.dropbox.com\/s\/kkxbh9py7yak1xj\/REGLAMENTO%20SOBRE%20PREVENCION%20DE%20RIESGOS%20PROFESIONALES.pdf?dl=0\">REGLAMENTO SOBRE PREVENCI\u00d3N DE RIESGOS PROFESIONALES <\/a><\/span><\/p><p><span style=\"font-size: large;\"><a href=\"https:\/\/www.dropbox.com\/s\/nriyyix7z1vn4ea\/REGLAMENTO%20SOBRE%20TRABAJO%20PESADO.pdf?dl=0\">REGLAMENTO SOBRE TRABAJO PESADO <\/a><\/span><\/p><p><span style=\"font-size: large;\"><a href=\"https:\/\/www.dropbox.com\/s\/eb7l1q7nl28s41o\/REGLAMENTO%20SUSTANCIAS%20PELIGROSAS.pdf?dl=0\">REGLAMENTO SUSTANCIAS PELIGROSAS <\/a><\/span><\/p><p><span style=\"font-size: large;\"><a href=\"https:\/\/www.dropbox.com\/s\/svy4mapsunrjcst\/REGLAMENTO%20TRANSPORTE%20TRABAJADORES%20AGRICOLAS%20DE%20TEMPORADA.pdf?dl=0\">REGLAMENTO TRANSPORTE TRABAJADORES AGR\u00cdCOLAS DE TEMPORADAS <\/a><\/span><\/p><p><span style=\"font-size: large;\"><a href=\"https:\/\/www.dropbox.com\/s\/uepsdexcd38in7a\/REGLAMENTO_CALDERAS.pdf?dl=0\">REGLAMENTO CALDERAS <\/a><\/span><\/p><p><span style=\"font-size: large;\"><a href=\"https:\/\/www.dropbox.com\/s\/zz7gc4eabq5w64p\/REGLAMENTO_FERIADO_PROGRESIVO_EMPLEADOS.pdf?dl=0\">REGLAMENTO FERIADO PROGRESIVO EMPLEADOS <\/a><\/span><\/p><p><span style=\"font-size: large;\"><a href=\"https:\/\/www.dropbox.com\/s\/pxdgpfiamjjfk44\/CERTIFICACION%20DE%20CALIDAD%20ELEMENTOS%20DE%20PROTECCION%20PERSONAL.pdf?dl=0\">CERTIFICACI\u00d3N DE CALIDAD ELEMENTOS DE PROTECCI\u00d3N PERSONAL<\/a><\/span><\/p>\t\t\t\t\t\t<\/div>\n\t\t\t\t<\/div>\n\t\t\t\t\t<\/div>\n\t\t<\/div>\n\t\t\t\t\t\t\t<\/div>\n\t\t<\/section>\n\t\t\t\t\t\t\t<\/div>\n\t\t\n<div class=\"twitter-share\"><a href=\"https:\/\/twitter.com\/intent\/tweet?via=savalfg\" class=\"twitter-share-button\" data-size=\"large\">Twittear<\/a><\/div>\n","protected":false},"excerpt":{"rendered":"<p>REGLAMENTO ALMACENAMIENTO Y MANIPULACION COMBUSTIBLES. INSTRUCTIVO CARGA DE COMBUSTIBLES A ENVASES. INSTRUCTIVO TRANSPORTE DE COMBUSTIBLES. MANUAL TC4 PARA DECLARAR INSTALACIONES. RES. EXENTA 214 SOBRE VENTA DE COMBUSTIBLES. RESOLUCION 09421 DEL 09\/2012 RESOLUCION 09429 DEL 09\/2012 ALMACENAMIENTO DE COMBUSTIBLES LIQUIDOS NORMATIVA PARA LA CAZA EN CHILE REGLAMENTO ACTIVIDADES CONSIDERADAS PELIGROSAS REGLAMENTO ALMACENAMIENTO SUSTANCIAS PELIGROSAS REGLAMENTO COMIT\u00c9 PARITARIO HIGIENE Y SEGURIDAD REGLAMENTO CONDICIONES SANITARIAS EN EL LUGAR DE TRABAJO REGLAMENTO DE USO DE PESTICIDAS REGLAMENTO EXTINTORES REGLAMENTO FISCALIZACI\u00d3N PARA MYPE REGLAMENTO MODIFICADO COMBUSTIBLE REGLAMENTO PESO M\u00c1XIMO CARGO REGLAMENTO SOBRE GESTI\u00d3N DE SEGURIDAD REGLAMENTO SOBRE PREVENCI\u00d3N DE RIESGOS PROFESIONALES REGLAMENTO SOBRE TRABAJO PESADO REGLAMENTO SUSTANCIAS PELIGROSAS REGLAMENTO TRANSPORTE TRABAJADORES AGR\u00cdCOLAS DE TEMPORADAS REGLAMENTO CALDERAS REGLAMENTO FERIADO PROGRESIVO EMPLEADOS CERTIFICACI\u00d3N DE CALIDAD ELEMENTOS DE PROTECCI\u00d3N PERSONAL<\/p>\n","protected":false},"author":7,"featured_media":0,"parent":0,"menu_order":0,"comment_status":"closed","ping_status":"closed","template":"elementor_header_footer","meta":{"disable_featured_image":false},"post_mailing_queue_ids":[],"_links":{"self":[{"href":"https:\/\/savalfg.cl\/2017\/wp-json\/wp\/v2\/pages\/374"}],"collection":[{"href":"https:\/\/savalfg.cl\/2017\/wp-json\/wp\/v2\/pages"}],"about":[{"href":"https:\/\/savalfg.cl\/2017\/wp-json\/wp\/v2\/types\/page"}],"author":[{"embeddable":true,"href":"https:\/\/savalfg.cl\/2017\/wp-json\/wp\/v2\/users\/7"}],"replies":[{"embeddable":true,"href":"https:\/\/savalfg.cl\/2017\/wp-json\/wp\/v2\/comments?post=374"}],"version-history":[{"count":14,"href":"https:\/\/savalfg.cl\/2017\/wp-json\/wp\/v2\/pages\/374\/revisions"}],"predecessor-version":[{"id":5419,"href":"https:\/\/savalfg.cl\/2017\/wp-json\/wp\/v2\/pages\/374\/revisions\/5419"}],"wp:attachment":[{"href":"https:\/\/savalfg.cl\/2017\/wp-json\/wp\/v2\/media?parent=374"}],"curies":[{"name":"wp","href":"https:\/\/api.w.org\/{rel}","templated":true}]}}