{"id":275,"date":"2017-07-05T22:11:08","date_gmt":"2017-07-06T02:11:08","guid":{"rendered":"https:\/\/savalfg.cl\/2017\/?page_id=275"},"modified":"2024-12-16T10:50:33","modified_gmt":"2024-12-16T13:50:33","slug":"quienes-somos","status":"publish","type":"page","link":"https:\/\/savalfg.cl\/2017\/quienes-somos\/","title":{"rendered":"Qui\u00e9nes Somos"},"content":{"rendered":"\t\t<div data-elementor-type=\"wp-page\" data-elementor-id=\"275\" class=\"elementor elementor-275\">\n\t\t\t\t\t\t\t\t\t<section class=\"elementor-section elementor-top-section elementor-element elementor-element-50981ea elementor-section-boxed elementor-section-height-default elementor-section-height-default\" data-id=\"50981ea\" data-element_type=\"section\">\n\t\t\t\t\t\t<div class=\"elementor-container elementor-column-gap-default\">\n\t\t\t\t\t<div class=\"elementor-column elementor-col-100 elementor-top-column elementor-element elementor-element-3bf608c\" data-id=\"3bf608c\" data-element_type=\"column\">\n\t\t\t<div class=\"elementor-widget-wrap elementor-element-populated\">\n\t\t\t\t\t\t\t\t<section class=\"elementor-section elementor-inner-section elementor-element elementor-element-6fa9b8f elementor-section-boxed elementor-section-height-default elementor-section-height-default\" data-id=\"6fa9b8f\" data-element_type=\"section\">\n\t\t\t\t\t\t<div class=\"elementor-container elementor-column-gap-default\">\n\t\t\t\t\t<div class=\"elementor-column elementor-col-100 elementor-inner-column elementor-element elementor-element-47ed05d\" data-id=\"47ed05d\" data-element_type=\"column\">\n\t\t\t<div class=\"elementor-widget-wrap elementor-element-populated\">\n\t\t\t\t\t\t\t\t<div class=\"elementor-element elementor-element-af5cb66 elementor-invisible elementor-widget elementor-widget-text-editor\" data-id=\"af5cb66\" data-element_type=\"widget\" data-settings=\"{&quot;_animation&quot;:&quot;slideInLeft&quot;,&quot;_animation_delay&quot;:2000}\" data-widget_type=\"text-editor.default\">\n\t\t\t\t<div class=\"elementor-widget-container\">\n\t\t\t<style>\/*! elementor - v3.9.1 - 14-12-2022 *\/\n.elementor-widget-text-editor.elementor-drop-cap-view-stacked .elementor-drop-cap{background-color:#818a91;color:#fff}.elementor-widget-text-editor.elementor-drop-cap-view-framed .elementor-drop-cap{color:#818a91;border:3px solid;background-color:transparent}.elementor-widget-text-editor:not(.elementor-drop-cap-view-default) .elementor-drop-cap{margin-top:8px}.elementor-widget-text-editor:not(.elementor-drop-cap-view-default) .elementor-drop-cap-letter{width:1em;height:1em}.elementor-widget-text-editor .elementor-drop-cap{float:left;text-align:center;line-height:1;font-size:50px}.elementor-widget-text-editor .elementor-drop-cap-letter{display:inline-block}<\/style>\t\t\t\t<p style=\"text-align: justify;\"><strong>SAVAL F.G.<\/strong> es el canal de participaci\u00f3n institucional de los agricultores de la Regi\u00f3n de los R\u00edos mediante el cual se relaciona con el sector p\u00fablico y privado relevante para la actividad agropecuaria local y nacional haciendo valer el punto de vista de los productores en defensa de sus intereses.<\/p><p style=\"text-align: justify;\">Esta sociedad, fundada en el a\u00f1o 1944, naci\u00f3 de la inquietud de un grupo de hombres que no pudiendo contener dentro del marco de sus personales intereses y de su propio radio de acci\u00f3n las inquietudes de progreso y el generoso af\u00e1n de servir, hizo que se reunieran un d\u00eda para organizar <strong>La Sociedad Agr\u00edcola y Ganadera de Valdivia<\/strong>, con el \u00fanico fin de volcar en ella todos sus conocimientos para ser de alguna manera transmitidos a toda la colectividad.<\/p>\t\t\t\t\t\t<\/div>\n\t\t\t\t<\/div>\n\t\t\t\t\t<\/div>\n\t\t<\/div>\n\t\t\t\t\t\t\t<\/div>\n\t\t<\/section>\n\t\t\t\t<section class=\"elementor-section elementor-inner-section elementor-element elementor-element-b450c65 elementor-section-boxed elementor-section-height-default elementor-section-height-default elementor-invisible\" data-id=\"b450c65\" data-element_type=\"section\" data-settings=\"{&quot;animation&quot;:&quot;slideInRight&quot;}\">\n\t\t\t\t\t\t<div class=\"elementor-container elementor-column-gap-default\">\n\t\t\t\t\t<div class=\"elementor-column elementor-col-50 elementor-inner-column elementor-element elementor-element-6da37d6\" data-id=\"6da37d6\" data-element_type=\"column\">\n\t\t\t<div class=\"elementor-widget-wrap elementor-element-populated\">\n\t\t\t\t\t\t\t\t<div class=\"elementor-element elementor-element-62226e6 elementor-view-default elementor-widget elementor-widget-icon\" data-id=\"62226e6\" data-element_type=\"widget\" data-widget_type=\"icon.default\">\n\t\t\t\t<div class=\"elementor-widget-container\">\n\t\t\t\t\t<div class=\"elementor-icon-wrapper\">\n\t\t\t<div class=\"elementor-icon\">\n\t\t\t<i aria-hidden=\"true\" class=\"fas fa-heart\"><\/i>\t\t\t<\/div>\n\t\t<\/div>\n\t\t\t\t<\/div>\n\t\t\t\t<\/div>\n\t\t\t\t<div class=\"elementor-element elementor-element-c2d9eac elementor-widget elementor-widget-text-editor\" data-id=\"c2d9eac\" data-element_type=\"widget\" data-widget_type=\"text-editor.default\">\n\t\t\t\t<div class=\"elementor-widget-container\">\n\t\t\t\t\t\t\t<p style=\"text-align: center;\"><strong>VISION<\/strong><\/p><p style=\"text-align: center;\">Consolidarse como referente de las personas vinculadas al agro en la regi\u00f3n fomentando el desarrollo social, econ\u00f3mico y ambiental sustentable.<\/p>\t\t\t\t\t\t<\/div>\n\t\t\t\t<\/div>\n\t\t\t\t\t<\/div>\n\t\t<\/div>\n\t\t\t\t<div class=\"elementor-column elementor-col-50 elementor-inner-column elementor-element elementor-element-ac719ae\" data-id=\"ac719ae\" data-element_type=\"column\">\n\t\t\t<div class=\"elementor-widget-wrap elementor-element-populated\">\n\t\t\t\t\t\t\t\t<div class=\"elementor-element elementor-element-d8c8362 elementor-view-default elementor-widget elementor-widget-icon\" data-id=\"d8c8362\" data-element_type=\"widget\" data-widget_type=\"icon.default\">\n\t\t\t\t<div class=\"elementor-widget-container\">\n\t\t\t\t\t<div class=\"elementor-icon-wrapper\">\n\t\t\t<div class=\"elementor-icon\">\n\t\t\t<i aria-hidden=\"true\" class=\"fas fa-sun\"><\/i>\t\t\t<\/div>\n\t\t<\/div>\n\t\t\t\t<\/div>\n\t\t\t\t<\/div>\n\t\t\t\t<div class=\"elementor-element elementor-element-f2143db elementor-widget elementor-widget-text-editor\" data-id=\"f2143db\" data-element_type=\"widget\" data-widget_type=\"text-editor.default\">\n\t\t\t\t<div class=\"elementor-widget-container\">\n\t\t\t\t\t\t\t<p style=\"text-align: center;\"><strong>MISION.<\/strong><\/p><p style=\"text-align: center;\">SAVAL F.G. es la organizaci\u00f3n regional representativa del sector silvogropecuario que act\u00faa vincul\u00e1ndolo con el sector p\u00fablico, privado y organizaciones pares del \u00e1mbito regional y nacional con la finalidad de validar y defender los intereses del sector; y con la comunidad difundiendo la importancia del rubro.<\/p>\t\t\t\t\t\t<\/div>\n\t\t\t\t<\/div>\n\t\t\t\t\t<\/div>\n\t\t<\/div>\n\t\t\t\t\t\t\t<\/div>\n\t\t<\/section>\n\t\t\t\t<div class=\"elementor-element elementor-element-0a05997 elementor-view-default elementor-invisible elementor-widget elementor-widget-icon\" data-id=\"0a05997\" data-element_type=\"widget\" data-settings=\"{&quot;_animation&quot;:&quot;slideInLeft&quot;}\" data-widget_type=\"icon.default\">\n\t\t\t\t<div class=\"elementor-widget-container\">\n\t\t\t\t\t<div class=\"elementor-icon-wrapper\">\n\t\t\t<div class=\"elementor-icon\">\n\t\t\t<i aria-hidden=\"true\" class=\"far fa-check-square\"><\/i>\t\t\t<\/div>\n\t\t<\/div>\n\t\t\t\t<\/div>\n\t\t\t\t<\/div>\n\t\t\t\t<div class=\"elementor-element elementor-element-4302742 elementor-invisible elementor-widget elementor-widget-text-editor\" data-id=\"4302742\" data-element_type=\"widget\" data-settings=\"{&quot;_animation&quot;:&quot;slideInLeft&quot;}\" data-widget_type=\"text-editor.default\">\n\t\t\t\t<div class=\"elementor-widget-container\">\n\t\t\t\t\t\t\t<h4 style=\"text-align: center;\"><strong>VALORES<\/strong><\/h4><ul><li style=\"text-align: center;\">RESPONSABLE\u00a0 \u00a0 \u00a0\u2013\u00a0 \u00a0CREIBLE\u00a0 \u00a0 \u00a0 \u00a0\u2013\u00a0 \u00a0 \u00a0 \u00a0 \u00a0SOLIDARIA\u00a0 \u00a0 \u00a0 \u2013\u00a0 \u00a0 \u00a0 ABIERTA<\/li><\/ul>\t\t\t\t\t\t<\/div>\n\t\t\t\t<\/div>\n\t\t\t\t\t<\/div>\n\t\t<\/div>\n\t\t\t\t\t\t\t<\/div>\n\t\t<\/section>\n\t\t\t\t\t\t\t<\/div>\n\t\t\n<div class=\"twitter-share\"><a href=\"https:\/\/twitter.com\/intent\/tweet?via=savalfg\" class=\"twitter-share-button\" data-size=\"large\">Twittear<\/a><\/div>\n","protected":false},"excerpt":{"rendered":"<p>SAVAL F.G. es el canal de participaci\u00f3n institucional de los agricultores de la Regi\u00f3n de los R\u00edos mediante el cual se relaciona con el sector p\u00fablico y privado relevante para la actividad agropecuaria local y nacional haciendo valer el punto de vista de los productores en defensa de sus intereses. Esta sociedad, fundada en el a\u00f1o 1944, naci\u00f3 de la inquietud de un grupo de hombres que no pudiendo contener dentro del marco de sus personales intereses y de su propio radio de acci\u00f3n las inquietudes de progreso y el generoso af\u00e1n de servir, hizo que se reunieran un d\u00eda para organizar La Sociedad Agr\u00edcola y Ganadera de Valdivia, con el \u00fanico fin de volcar en ella todos sus conocimientos para ser de alguna manera transmitidos a toda la colectividad. VISION Consolidarse como referente de las personas vinculadas al agro en la regi\u00f3n fomentando el desarrollo social, econ\u00f3mico y ambiental sustentable. MISION. SAVAL F.G. es la organizaci\u00f3n regional representativa del sector silvogropecuario que act\u00faa vincul\u00e1ndolo con el sector p\u00fablico, privado y organizaciones pares del \u00e1mbito regional y nacional con la finalidad de validar y defender los intereses del sector; y con la comunidad difundiendo la importancia del rubro. VALORES RESPONSABLE\u00a0 \u00a0 \u00a0\u2013\u00a0 \u00a0CREIBLE\u00a0 \u00a0 \u00a0 \u00a0\u2013\u00a0 \u00a0 \u00a0 \u00a0 \u00a0SOLIDARIA\u00a0 \u00a0 \u00a0 \u2013\u00a0 \u00a0 \u00a0 ABIERTA<\/p>\n","protected":false},"author":7,"featured_media":0,"parent":0,"menu_order":0,"comment_status":"closed","ping_status":"closed","template":"elementor_header_footer","meta":{"disable_featured_image":false},"post_mailing_queue_ids":[],"_links":{"self":[{"href":"https:\/\/savalfg.cl\/2017\/wp-json\/wp\/v2\/pages\/275"}],"collection":[{"href":"https:\/\/savalfg.cl\/2017\/wp-json\/wp\/v2\/pages"}],"about":[{"href":"https:\/\/savalfg.cl\/2017\/wp-json\/wp\/v2\/types\/page"}],"author":[{"embeddable":true,"href":"https:\/\/savalfg.cl\/2017\/wp-json\/wp\/v2\/users\/7"}],"replies":[{"embeddable":true,"href":"https:\/\/savalfg.cl\/2017\/wp-json\/wp\/v2\/comments?post=275"}],"version-history":[{"count":46,"href":"https:\/\/savalfg.cl\/2017\/wp-json\/wp\/v2\/pages\/275\/revisions"}],"predecessor-version":[{"id":5927,"href":"https:\/\/savalfg.cl\/2017\/wp-json\/wp\/v2\/pages\/275\/revisions\/5927"}],"wp:attachment":[{"href":"https:\/\/savalfg.cl\/2017\/wp-json\/wp\/v2\/media?parent=275"}],"curies":[{"name":"wp","href":"https:\/\/api.w.org\/{rel}","templated":true}]}}